{"id":35,"date":"2016-10-22T00:27:16","date_gmt":"2016-10-21T23:27:16","guid":{"rendered":"http:\/\/pcfox.eu\/?page_id=35"},"modified":"2016-11-02T20:25:50","modified_gmt":"2016-11-02T19:25:50","slug":"o-nas","status":"publish","type":"page","link":"http:\/\/pcfox.eu\/","title":{"rendered":"O n\u00e1s"},"content":{"rendered":"<div id=\"pl-35\"  class=\"panel-layout\" ><div id=\"pg-35-0\"  class=\"panel-grid panel-no-style\" ><div id=\"pgc-35-0-0\"  class=\"panel-grid-cell\" ><div id=\"panel-35-0-0-0\" class=\"so-panel widget widget_sow-editor panel-first-child panel-last-child\" data-index=\"0\" ><div\n\t\t\t\n\t\t\tclass=\"so-widget-sow-editor so-widget-sow-editor-base\"\n\t\t\t\n\t\t>\n<div class=\"siteorigin-widget-tinymce textwidget\">\n\t<p><strong>P.C. FOX EURO EVENTS s.r.o. (p\u0159ed 1. 10. 2016 EURO EVENTS SPORTS AGENCY, s.r.o.) se pohybuje od roku 2010 na poli organizov\u00e1n\u00ed sportovn\u00edch akc\u00ed a n\u00e1kupu a prodeje marketingov\u00fdch pr\u00e1v p\u0159ev\u00e1\u017en\u011b v oblasti sportu a sportovn\u00edch event\u016f.<\/strong><\/p>\n\n\t\t<style type=\"text\/css\">\n\t\t\t#gallery-1 {\n\t\t\t\tmargin: auto;\n\t\t\t}\n\t\t\t#gallery-1 .gallery-item {\n\t\t\t\tfloat: left;\n\t\t\t\tmargin-top: 10px;\n\t\t\t\ttext-align: center;\n\t\t\t\twidth: 100%;\n\t\t\t}\n\t\t\t#gallery-1 img {\n\t\t\t\tborder: 2px solid #cfcfcf;\n\t\t\t}\n\t\t\t#gallery-1 .gallery-caption {\n\t\t\t\tmargin-left: 0;\n\t\t\t}\n\t\t\t\/* see gallery_shortcode() in wp-includes\/media.php *\/\n\t\t<\/style>\n\t\t<div id='gallery-1' class='gallery galleryid-35 gallery-columns-1 gallery-size-full'><dl class='gallery-item'>\n\t\t\t<dt class='gallery-icon landscape'>\n\t\t\t\t<a href='http:\/\/pcfox.eu\/?attachment_id=241'><img loading=\"lazy\" decoding=\"async\" width=\"4348\" height=\"2143\" src=\"http:\/\/pcfox.eu\/wp-content\/uploads\/2016\/10\/FOTO-HP.jpg\" class=\"attachment-full size-full\" alt=\"\" srcset=\"http:\/\/pcfox.eu\/wp-content\/uploads\/2016\/10\/FOTO-HP.jpg 4348w, http:\/\/pcfox.eu\/wp-content\/uploads\/2016\/10\/FOTO-HP-300x148.jpg 300w, http:\/\/pcfox.eu\/wp-content\/uploads\/2016\/10\/FOTO-HP-768x379.jpg 768w, http:\/\/pcfox.eu\/wp-content\/uploads\/2016\/10\/FOTO-HP-1024x505.jpg 1024w, http:\/\/pcfox.eu\/wp-content\/uploads\/2016\/10\/FOTO-HP-500x246.jpg 500w\" sizes=\"auto, (max-width: 4348px) 100vw, 4348px\" \/><\/a>\n\t\t\t<\/dt><\/dl><br style=\"clear: both\" \/>\n\t\t<\/div>\n\n<p>\u00dazce spolupracujeme s <a href=\"http:\/\/www.cfpa.eu\">Asociac\u00ed b\u00fdval\u00fdch fotbalov\u00fdch profesion\u00e1l\u016f \u010cesk\u00e9 republiky (CFPA)<\/a>, pro kterou fungujeme jako servisn\u00ed organizace p\u0159i zaji\u0161\u0165ov\u00e1n\u00ed mezin\u00e1rodn\u00edch v\u00fdjezd\u016f a z\u00e1pas\u016f \u010desk\u00e9 reprezentace nad 35 let (kategorie Masters) a to jak po finan\u010dn\u00ed, tak organiza\u010dn\u00ed str\u00e1nce.<\/p>\n<p>V minulosti jsme marketingov\u011b podporovali \u010deskou beach soccerovou reprezentaci i nad\u011bje, b\u00fdval\u00e9 profesion\u00e1ln\u00ed fotbalisty, ma\u017eoretky, a dal\u0161\u00ed sportovn\u00ed spolky, v sou\u010dasnosti podporujeme nad\u011bjn\u00e9 \u010desk\u00e9 tren\u00e9ry v dal\u0161\u00edm vzd\u011bl\u00e1v\u00e1n\u00ed ve spolupr\u00e1ci s akademi\u00ed FC Barcelona \u201eLa Masia\u201c.<\/p>\n<p>Mezi na\u0161e nejv\u011bt\u0161\u00ed akce v posledn\u00ed dob\u011b pat\u0159\u00ed fotbalov\u00e9 setk\u00e1n\u00ed Legendy, v r\u00e1mci kter\u00e9ho se st\u0159etly ikony evropsk\u00e9ho fotbalu proti v\u00fdb\u011bru legend \u010cesk\u00e9 republiky, turnaj Josef Masopust Masters CUP 2015 \u2013 turnaj osmi p\u0159edn\u00edch \u010desk\u00fdch t\u00fdm\u016f v kategorii Masters o putovn\u00ed Ballon d\u00b4Or. Ve spolupr\u00e1ci s APFS (Asociac\u00ed profesion\u00e1lnych futbalistov Sloveska) jsme organizovali oslavy a z\u00e1pas k 40. v\u00fdro\u010d\u00ed v\u00edt\u011bzstv\u00ed \u010deskoslovensk\u00e9 reprezentace na ME 1976 v B\u011blehrad\u011b konan\u00e9 v Myjav\u011b na Slovensku a ve spolupr\u00e1ci s FA\u010cR jsme se pod\u00edleli na exhibi\u010dn\u00edm utk\u00e1n\u00ed zlat\u00fdch medailist\u016f z LOH 1980 v Moskv\u011b v r\u00e1mci Olympijsk\u00e9ho parku Rio-Lipno 2016.<\/p>\n<p>V neposledn\u00ed \u0159ad\u011b jsme jedn\u00edm z dlouhodob\u00fdch partner\u016f autokrosov\u00e9ho z\u00e1vodn\u00edka Honzy Smr\u017ee, kter\u00e9ho jsme podporovali i v sez\u00f3n\u011b 2015, ve kter\u00e9 obsadil v kr\u00e1lovsk\u00e9 kategorii Super Buggy celkov\u00e9 3. m\u00edsto a tak\u00e9 spolu s na\u0161imi partnery podporujeme ka\u017edoro\u010dn\u011b B2B akci Tourism X Games, v r\u00e1mci kter\u00e9 se setk\u00e1vaj\u00ed subjekty p\u016fsob\u00edc\u00ed v cestovn\u00edm ruchu.<\/p>\n<p>\u00dazce spolupracujeme s \u010dasopisem Hattrick, ve kter\u00e9m pro CFPA zaji\u0161\u0165ujeme rubriku LEGENDY, d\u00e1le s Klubem p\u0159\u00e1tel Josefa Masopusta, Asociac\u00ed profesion\u00e1lnych futbalistov Sloveska (APFS), FA\u010cR a akademi\u00ed FC Barcelona \u201eLa Masia\u201c.<\/p>\n<\/div>\n<\/div><\/div><\/div><div id=\"pgc-35-0-1\"  class=\"panel-grid-cell panel-grid-cell-empty\" ><\/div><div id=\"pgc-35-0-2\"  class=\"panel-grid-cell\" ><div id=\"panel-35-0-2-0\" class=\"so-panel widget panel-first-child\" data-index=\"1\" ><div class=\"panel-widget-style panel-widget-style-for-35-0-2-0\" ><\/div><\/div><div id=\"panel-35-0-2-1\" class=\"so-panel widget widget_sow-editor panel-last-child\" data-index=\"2\" ><div class=\"panel-widget-style panel-widget-style-for-35-0-2-1\" ><div\n\t\t\t\n\t\t\tclass=\"so-widget-sow-editor so-widget-sow-editor-base\"\n\t\t\t\n\t\t>\n<div class=\"siteorigin-widget-tinymce textwidget\">\n\t<p><a href=\"http:\/\/cfpa.eu\"><img loading=\"lazy\" decoding=\"async\" class=\"aligncenter size-full wp-image-138\" src=\"http:\/\/pcfox.eu\/wp-content\/uploads\/2016\/10\/znak-1.png\" alt=\"znak\" width=\"204\" height=\"214\" \/><\/a><\/p>\n<\/div>\n<\/div><\/div><\/div><\/div><\/div><\/div>","protected":false},"excerpt":{"rendered":"<p>P.C. FOX EURO EVENTS s.r.o. (p\u0159ed 1. 10. 2016 EURO EVENTS SPORTS AGENCY, s.r.o.) se pohybuje od roku 2010 na poli organizov\u00e1n\u00ed sportovn\u00edch akc\u00ed a n\u00e1kupu a prodeje marketingov\u00fdch pr\u00e1v p\u0159ev\u00e1\u017en\u011b v oblasti sportu a sportovn\u00edch event\u016f.\u00dazce spolupracujeme s Asociac\u00ed &hellip; <a href=\"http:\/\/pcfox.eu\/\">Cel\u00fd p\u0159\u00edsp\u011bvek <span class=\"meta-nav\">&rarr;<\/span><\/a><\/p>\n","protected":false},"author":1,"featured_media":0,"parent":0,"menu_order":0,"comment_status":"closed","ping_status":"closed","template":"sidebar-page.php","meta":{"footnotes":""},"class_list":["post-35","page","type-page","status-publish","hentry"],"_links":{"self":[{"href":"http:\/\/pcfox.eu\/index.php?rest_route=\/wp\/v2\/pages\/35","targetHints":{"allow":["GET"]}}],"collection":[{"href":"http:\/\/pcfox.eu\/index.php?rest_route=\/wp\/v2\/pages"}],"about":[{"href":"http:\/\/pcfox.eu\/index.php?rest_route=\/wp\/v2\/types\/page"}],"author":[{"embeddable":true,"href":"http:\/\/pcfox.eu\/index.php?rest_route=\/wp\/v2\/users\/1"}],"replies":[{"embeddable":true,"href":"http:\/\/pcfox.eu\/index.php?rest_route=%2Fwp%2Fv2%2Fcomments&post=35"}],"version-history":[{"count":15,"href":"http:\/\/pcfox.eu\/index.php?rest_route=\/wp\/v2\/pages\/35\/revisions"}],"predecessor-version":[{"id":244,"href":"http:\/\/pcfox.eu\/index.php?rest_route=\/wp\/v2\/pages\/35\/revisions\/244"}],"wp:attachment":[{"href":"http:\/\/pcfox.eu\/index.php?rest_route=%2Fwp%2Fv2%2Fmedia&parent=35"}],"curies":[{"name":"wp","href":"https:\/\/api.w.org\/{rel}","templated":true}]}}